{"id":950,"date":"2022-05-01T23:51:56","date_gmt":"2022-05-02T05:51:56","guid":{"rendered":"https:\/\/cshec.xoc.uam.mx\/externos\/?page_id=950"},"modified":"2025-06-03T13:58:52","modified_gmt":"2025-06-03T19:58:52","slug":"validacion-identidad","status":"publish","type":"page","link":"https:\/\/cshec.xoc.uam.mx\/sdpc\/validacion-identidad\/","title":{"rendered":"Requisitos para Validaci\u00f3n de Identidad"},"content":{"rendered":"\n<div class=\"message-box relative\" style=\"padding-top:15px;padding-bottom:15px;\"><div class=\"message-box-bg-image bg-fill fill\" ><\/div><div class=\"message-box-bg-overlay bg-fill fill\" style=\"background-color:rgb(255, 255, 255);\"><\/div><div class=\"container relative\"><div class=\"inner last-reset\">\n\n<div class=\"row align-middle align-center\"  id=\"row-867623472\">\n\n\n\t<div id=\"col-81054447\" class=\"col medium-3 small-12 large-3\"  >\n\t\t\t\t<div class=\"col-inner text-center\"  >\n\t\t\t\n\t\t\t\n\n\t<div class=\"img has-hover x md-x lg-x y md-y lg-y\" id=\"image_380922072\">\n\t\t\t\t\t\t\t\t<div class=\"img-inner image-cover dark\" style=\"padding-top:28%;\">\n\t\t\t<img loading=\"lazy\" decoding=\"async\" width=\"600\" height=\"157\" src=\"https:\/\/cshec.xoc.uam.mx\/sdpc\/wp-content\/uploads\/2022\/05\/logo_educ_2022-e1653943669451.jpeg\" class=\"attachment-original size-original\" alt=\"\" \/>\t\t\t\t\t\t\n\t\t\t\t\t<\/div>\n\t\t\t\t\t\t\t\t\n<style>\n#image_380922072 {\n  width: 100%;\n}\n<\/style>\n\t<\/div>\n\t\n\n\n\t\t<\/div>\n\t\t\t\t\t<\/div>\n\n\t\n\n\t<div id=\"col-1348426881\" class=\"col medium-6 small-12 large-6\"  >\n\t\t\t\t<div class=\"col-inner text-center\"  >\n\t\t\t\n\t\t\t\n\n\t<div id=\"text-1369556411\" class=\"text\">\n\t\t\n\n<h1 style=\"text-transform: uppercase;\">Validaci\u00f3n de identidad para\u00a0 la Capacitaci\u00f3n Profesional de Carrera<\/h1>\n\t\t\n<style>\n#text-1369556411 {\n  line-height: 1.95;\n}\n<\/style>\n\t<\/div>\n\t\n\n\t\t<\/div>\n\t\t\t\t\n<style>\n#col-1348426881 > .col-inner {\n  padding: 0px 0px 0px 0px;\n}\n<\/style>\n\t<\/div>\n\n\t\n\n\t<div id=\"col-1185741776\" class=\"col medium-2 small-12 large-2\"  >\n\t\t\t\t<div class=\"col-inner text-center\"  >\n\t\t\t\n\t\t\t\n\n\t<div class=\"img has-hover x md-x lg-x y md-y lg-y\" id=\"image_668296338\">\n\t\t\t\t\t\t\t\t<div class=\"img-inner dark\" >\n\t\t\t<img loading=\"lazy\" decoding=\"async\" width=\"638\" height=\"241\" src=\"https:\/\/cshec.xoc.uam.mx\/sdpc\/wp-content\/uploads\/2021\/06\/186551752_544978736493961_261708449087042936_n.png\" class=\"attachment-large size-large\" alt=\"\" \/>\t\t\t\t\t\t\n\t\t\t\t\t<\/div>\n\t\t\t\t\t\t\t\t\n<style>\n#image_668296338 {\n  width: 100%;\n}\n<\/style>\n\t<\/div>\n\t\n\n\n\t\t<\/div>\n\t\t\t\t\t<\/div>\n\n\t\n\n<\/div>\n\n<\/div><\/div><\/div>\n\n  <div class=\"banner has-hover has-video\" id=\"banner-1979843682\">\n          <div class=\"banner-inner fill\">\n        <div class=\"banner-bg fill\" >\n            <img loading=\"lazy\" decoding=\"async\" width=\"1020\" height=\"680\" src=\"https:\/\/cshec.xoc.uam.mx\/sdpc\/wp-content\/uploads\/2023\/07\/conexion-global-5g-mujer-mayor-que-trabaja-remix-tecnologia-inteligente-portatil-scaled-e1688355699627-1200x800.jpg\" class=\"bg attachment-large size-large\" alt=\"\" \/>            \t<div class=\"video-overlay no-click fill visible\"><\/div>\n\t<video class=\"video-bg fill visible\" preload playsinline autoplay muted loop>\n\t\t<source src=\"https:\/\/cshec.xoc.uam.mx\/externos\/wp-content\/uploads\/2022\/05\/pexels-karolina-grabowska-6346223-video-converter.com_.webm\" type=\"video\/webm\">\t<\/video>\n            <div class=\"overlay\"><\/div>            \n                    <\/div>\n\t\t\n        <div class=\"banner-layers container\">\n            <div class=\"fill banner-link\"><\/div>            \n\n   <div id=\"text-box-663322449\" class=\"text-box banner-layer text-box-circle x50 md-x0 lg-x0 y5 md-y50 lg-y50 res-text\">\n                                <div class=\"text-box-content text dark\">\n              \n              <div class=\"text-inner text-center\">\n                  \n\n<h2 class=\"uppercase\">LLamanos y REgistrate<\/h2>\n<h3 class=\"thin-font\">para validar tu identidad<\/h3>\n\n              <\/div>\n           <\/div>\n                            \n<style>\n#text-box-663322449 .text-box-content {\n  background-color: rgb(0, 100, 191);\n  font-size: 38%;\n}\n#text-box-663322449 {\n  width: 35%;\n}\n@media (min-width:550px) {\n  #text-box-663322449 {\n    width: 19%;\n  }\n  #text-box-663322449 .text-box-content {\n    font-size: 41%;\n  }\n}\n<\/style>\n    <\/div>\n \n   <div id=\"text-box-1878459507\" class=\"text-box banner-layer text-box-circle x50 md-x50 lg-x50 y50 md-y50 lg-y50 res-text\">\n                                <div class=\"text-box-content text dark\">\n              \n              <div class=\"text-inner text-center\">\n                  \n\n<h2 class=\"uppercase\"><strong>SUBE LAS FOTOS SOLICITADADAS<\/strong><\/h2>\n<p>\u00a0<\/p>\n<a href=\"#valida\" class=\"button primary is-xlarge hide-for-small\"  style=\"border-radius:10px;\">\n\t\t<span>Enviar Fotos<\/span>\n\t<\/a>\n\n\n\n              <\/div>\n           <\/div>\n                            \n<style>\n#text-box-1878459507 .text-box-content {\n  background-color: rgb(46, 71, 106);\n  font-size: 30%;\n}\n#text-box-1878459507 {\n  width: 35%;\n}\n@media (min-width:550px) {\n  #text-box-1878459507 {\n    width: 20%;\n  }\n  #text-box-1878459507 .text-box-content {\n    font-size: 38%;\n  }\n}\n@media (min-width:850px) {\n  #text-box-1878459507 {\n    width: 19%;\n  }\n  #text-box-1878459507 .text-box-content {\n    font-size: 42%;\n  }\n}\n<\/style>\n    <\/div>\n \n   <div id=\"text-box-44295706\" class=\"text-box banner-layer text-box-circle x50 md-x100 lg-x100 y95 md-y50 lg-y50 res-text\">\n                                <div class=\"text-box-content text dark\">\n              \n              <div class=\"text-inner text-center\">\n                  \n\n<h3 class=\"uppercase\"><strong>EXAMEN DIAGN\u00f3STICO<\/strong><\/h3>\n<h3>Realiza tu examen diagn\u00f3stico*\u00a0\u00a0<\/h3>\n<h4>*Solo Nuevo ingreso<\/h4>\n\n              <\/div>\n           <\/div>\n                            \n<style>\n#text-box-44295706 .text-box-content {\n  background-color: rgb(48, 177, 191);\n  font-size: 47%;\n}\n#text-box-44295706 {\n  width: 35%;\n}\n@media (min-width:550px) {\n  #text-box-44295706 {\n    width: 19%;\n  }\n  #text-box-44295706 .text-box-content {\n    font-size: 59%;\n  }\n}\n<\/style>\n    <\/div>\n \n\n        <\/div>\n      <\/div>\n\n            \n<style>\n#banner-1979843682 {\n  padding-top: 325px;\n}\n#banner-1979843682 .overlay {\n  background-color: rgba(0, 0, 0, 0.599);\n}\n<\/style>\n  <\/div>\n\n\n\n\t<section class=\"section\" id=\"section_133467705\">\n\t\t<div class=\"section-bg fill\" >\n\t\t\t\t\t\t\t\t\t<div class=\"loading-spin centered\"><\/div><button class=\"scroll-for-more z-5 icon absolute bottom h-center\" aria-label=\"Scroll for more\"><i class=\"icon-angle-down\" style=\"font-size:42px;\" ><\/i><\/button>\n\t\t\t\n\n\t\t<\/div>\n\n\t\t\n\t<div class=\"ux-shape-divider ux-shape-divider--bottom ux-shape-divider--style-arrow-invert\">\n\t\t<svg viewBox=\"0 0 1000 100\" xmlns=\"http:\/\/www.w3.org\/2000\/svg\" preserveAspectRatio=\"none\">\n\t<path class=\"ux-shape-fill\" d=\"M1000 100H0V80H483L500 97L517 80H1000V100Z\"\/>\n<\/svg>\n\t<\/div>\n\n\t\t<div class=\"section-content relative\">\n\t\t\t\n\n<div class=\"message-box relative dark\" style=\"padding-top:33px;padding-bottom:33px;\"><div class=\"message-box-bg-image bg-fill fill\" ><\/div><div class=\"message-box-bg-overlay bg-fill fill\" style=\"background-color:rgb(18, 57, 80);\"><\/div><div class=\"container relative\"><div class=\"inner last-reset\">\n\n<div class=\"row align-middle align-center\"  id=\"row-256815075\">\n\n\n\t<div id=\"col-1220198709\" class=\"col medium-6 small-12 large-6\"  >\n\t\t\t\t<div class=\"col-inner\"  >\n\t\t\t\n\t\t\t\n\n<p><span style=\"font-size: 110%;\">Para iniciar tu proceso de verificaci\u00f3n de identidad reg\u00edstrese previamente con nuestro equipo del Centro de Atenci\u00f3n Telefonica y as\u00ed podr\u00e1 continuar con su proceso de asignaci\u00f3n a una acci\u00f3n de capacitaci\u00f3n.<\/span><\/p>\n<div>\u00a0<\/div>\n<p><span style=\"font-size: 110%;\">\u00a0<\/span><\/p>\n\n\t\t<\/div>\n\t\t\t\t\t<\/div>\n\n\t\n\n\t<div id=\"col-441817073\" class=\"col medium-6 small-12 large-6\"  >\n\t\t\t\t<div class=\"col-inner text-center\"  >\n\t\t\t\n\t\t\t\n\n<h3><b>Centro de Atenci\u00f3n Telef\u00f3nica UAM Xochimilco<\/b><strong>:<\/strong><\/h3>\n<h2><i class=\"icon-phone\"><\/i>\u00a055548-37187\u00a0<\/h2>\n<p>(con 12 l\u00edneas)<\/p>\n<div><strong>Horario de Atenci\u00f3n<\/strong><\/div>\n<div>Lunes a Viernes\u00a0<br \/><i class=\"far fa-clock\"><\/i>10:00 a 18:00<br \/>Tiempo del Centro de M\u00e9xico,<\/div>\n\n\t\t<\/div>\n\t\t\t\t\t<\/div>\n\n\t\n\n<\/div>\n\n<\/div><\/div><\/div>\n\t<div id=\"gap-1387351978\" class=\"gap-element clearfix\" style=\"display:block; height:auto;\">\n\t\t\n<style>\n#gap-1387351978 {\n  padding-top: 30px;\n}\n<\/style>\n\t<\/div>\n\t\n\n\n\t\t<\/div>\n\n\t\t\n<style>\n#section_133467705 {\n  padding-top: 20px;\n  padding-bottom: 20px;\n  margin-bottom: 34px;\n  min-height: 24px;\n  background-color: rgb(5, 59, 77);\n}\n#section_133467705 .ux-shape-divider--bottom svg {\n  height: 150px;\n  --divider-width: 100%;\n}\n<\/style>\n\t<\/section>\n\t\n\n\n\n<div id=\"valida\"><\/div>\n\n\t<div class=\"box has-hover  hide-for-medium has-hover box-text-bottom\" >\n\n\t\t<div class=\"box-image\" style=\"width:25%;\">\n\t\t\t\t\t\t<div class=\"\" >\n\t\t\t\t<img loading=\"lazy\" decoding=\"async\" width=\"300\" height=\"373\" src=\"https:\/\/cshec.xoc.uam.mx\/sdpc\/wp-content\/uploads\/2025\/05\/frame3.png\" class=\"attachment- size-\" alt=\"\" \/>\t\t\t\t\t\t\t\t\t\t\t<\/div>\n\t\t\t\t\t<\/div>\n\n\t\t<div class=\"box-text text-center\" >\n\t\t\t<div class=\"box-text-inner\">\n\t\t\t\t\n\n\n\t\t\t<\/div>\n\t\t<\/div>\n\t<\/div>\n\t\n\t<div class=\"box has-hover  show-for-medium hide-for-small has-hover box-text-bottom\" >\n\n\t\t<div class=\"box-image\" style=\"width:25%;\">\n\t\t\t\t\t\t<div class=\"\" >\n\t\t\t\t<img loading=\"lazy\" decoding=\"async\" width=\"300\" height=\"373\" src=\"https:\/\/cshec.xoc.uam.mx\/sdpc\/wp-content\/uploads\/2025\/05\/frame3.png\" class=\"attachment- size-\" alt=\"\" \/>\t\t\t\t\t\t\t\t\t\t\t<\/div>\n\t\t\t\t\t<\/div>\n\n\t\t<div class=\"box-text text-center\" >\n\t\t\t<div class=\"box-text-inner\">\n\t\t\t\t\n\n\n\t\t\t<\/div>\n\t\t<\/div>\n\t<\/div>\n\t\n<div class=\"row show-for-small\"  id=\"row-74988417\">\n\n\n\t<div id=\"col-1156617915\" class=\"col small-12 large-12\"  >\n\t\t\t\t<div class=\"col-inner text-center\"  >\n\t\t\t\n\t\t\t\n\n<a href=\"https:\/\/cshec.xoc.uam.mx\/sdpc\/envio-para-validacion-de-identidad\/\" class=\"button primary is-shade is-larger box-shadow-4 box-shadow-5-hover\"  style=\"border-radius:10px;\">\n\t\t<span>Enviar requisitos de verificaci\u00f3n<\/span>\n\t<\/a>\n\n\n\n\t\t<\/div>\n\t\t\t\t\t<\/div>\n\n\t\n\n<\/div>\n\n","protected":false},"excerpt":{"rendered":"","protected":false},"author":1,"featured_media":0,"parent":0,"menu_order":0,"comment_status":"closed","ping_status":"closed","template":"page-blank.php","meta":{"footnotes":""},"area":[],"class_list":["post-950","page","type-page","status-publish","hentry"],"_links":{"self":[{"href":"https:\/\/cshec.xoc.uam.mx\/sdpc\/wp-json\/wp\/v2\/pages\/950","targetHints":{"allow":["GET"]}}],"collection":[{"href":"https:\/\/cshec.xoc.uam.mx\/sdpc\/wp-json\/wp\/v2\/pages"}],"about":[{"href":"https:\/\/cshec.xoc.uam.mx\/sdpc\/wp-json\/wp\/v2\/types\/page"}],"author":[{"embeddable":true,"href":"https:\/\/cshec.xoc.uam.mx\/sdpc\/wp-json\/wp\/v2\/users\/1"}],"replies":[{"embeddable":true,"href":"https:\/\/cshec.xoc.uam.mx\/sdpc\/wp-json\/wp\/v2\/comments?post=950"}],"version-history":[{"count":40,"href":"https:\/\/cshec.xoc.uam.mx\/sdpc\/wp-json\/wp\/v2\/pages\/950\/revisions"}],"predecessor-version":[{"id":2089,"href":"https:\/\/cshec.xoc.uam.mx\/sdpc\/wp-json\/wp\/v2\/pages\/950\/revisions\/2089"}],"wp:attachment":[{"href":"https:\/\/cshec.xoc.uam.mx\/sdpc\/wp-json\/wp\/v2\/media?parent=950"}],"wp:term":[{"taxonomy":"area","embeddable":true,"href":"https:\/\/cshec.xoc.uam.mx\/sdpc\/wp-json\/wp\/v2\/area?post=950"}],"curies":[{"name":"wp","href":"https:\/\/api.w.org\/{rel}","templated":true}]}}