{"id":774,"date":"2021-06-05T17:26:55","date_gmt":"2021-06-05T23:26:55","guid":{"rendered":"https:\/\/cshec.xoc.uam.mx\/externos\/?page_id=774"},"modified":"2023-07-02T23:21:25","modified_gmt":"2023-07-03T05:21:25","slug":"politicas-de-plagio","status":"publish","type":"page","link":"https:\/\/cshec.xoc.uam.mx\/sdpc\/politicas-de-plagio\/","title":{"rendered":"Pol\u00edticas de Plagio"},"content":{"rendered":"\n\n\t<section class=\"section\" id=\"section_1130977734\">\n\t\t<div class=\"section-bg fill\" >\n\t\t\t\t\t\t\t\t\t\n\t\t\t\n\n\t\t<\/div>\n\n\t\t\n\n\t\t<div class=\"section-content relative\">\n\t\t\t\n\n<div class=\"row\"  id=\"row-1121756354\">\n\n\n\t<div id=\"col-520811839\" class=\"col medium-4 small-12 large-4\"  >\n\t\t\t\t<div class=\"col-inner\"  >\n\t\t\t\n\t\t\t\n\n\t<div class=\"img has-hover x md-x lg-x y md-y lg-y\" id=\"image_1141499281\">\n\t\t\t\t\t\t\t\t<div class=\"img-inner dark\" >\n\t\t\t<img loading=\"lazy\" decoding=\"async\" width=\"600\" height=\"157\" src=\"https:\/\/cshec.xoc.uam.mx\/sdpc\/wp-content\/uploads\/2022\/05\/logo_educ_2022-e1653943669451.jpeg\" class=\"attachment-large size-large\" alt=\"\" \/>\t\t\t\t\t\t\n\t\t\t\t\t<\/div>\n\t\t\t\t\t\t\t\t\n<style>\n#image_1141499281 {\n  width: 100%;\n}\n<\/style>\n\t<\/div>\n\t\n\n\n\t\t<\/div>\n\t\t\t\t\n<style>\n#col-520811839 > .col-inner {\n  padding: 24px 0px 0px 0px;\n}\n<\/style>\n\t<\/div>\n\n\t\n\n\t<div id=\"col-1798322765\" class=\"col medium-4 small-12 large-4\"  >\n\t\t\t\t<div class=\"col-inner text-center\"  >\n\t\t\t\n\t\t\t\n\n\t<div class=\"img has-hover x md-x lg-x y md-y lg-y\" id=\"image_662137016\">\n\t\t\t\t\t\t\t\t<div class=\"img-inner dark\" >\n\t\t\t<img loading=\"lazy\" decoding=\"async\" width=\"832\" height=\"613\" src=\"https:\/\/cshec.xoc.uam.mx\/sdpc\/wp-content\/uploads\/2021\/03\/variacion7Xoc.png\" class=\"attachment-large size-large\" alt=\"\" srcset=\"https:\/\/cshec.xoc.uam.mx\/sdpc\/wp-content\/uploads\/2021\/03\/variacion7Xoc.png 832w, https:\/\/cshec.xoc.uam.mx\/sdpc\/wp-content\/uploads\/2021\/03\/variacion7Xoc-300x221.png 300w, https:\/\/cshec.xoc.uam.mx\/sdpc\/wp-content\/uploads\/2021\/03\/variacion7Xoc-768x566.png 768w\" sizes=\"auto, (max-width: 832px) 100vw, 832px\" \/>\t\t\t\t\t\t\n\t\t\t\t\t<\/div>\n\t\t\t\t\t\t\t\t\n<style>\n#image_662137016 {\n  width: 48%;\n}\n<\/style>\n\t<\/div>\n\t\n\n\n\t\t<\/div>\n\t\t\t\t\t<\/div>\n\n\t\n\n\t<div id=\"col-266962128\" class=\"col medium-4 small-12 large-4\"  >\n\t\t\t\t<div class=\"col-inner\"  >\n\t\t\t\n\t\t\t\n\n\t<div class=\"img has-hover x md-x lg-x y md-y lg-y\" id=\"image_1039068032\">\n\t\t\t\t\t\t\t\t<div class=\"img-inner dark\" >\n\t\t\t<img loading=\"lazy\" decoding=\"async\" width=\"638\" height=\"241\" src=\"https:\/\/cshec.xoc.uam.mx\/sdpc\/wp-content\/uploads\/2021\/06\/186551752_544978736493961_261708449087042936_n.png\" class=\"attachment-large size-large\" alt=\"\" \/>\t\t\t\t\t\t\n\t\t\t\t\t<\/div>\n\t\t\t\t\t\t\t\t\n<style>\n#image_1039068032 {\n  width: 100%;\n}\n<\/style>\n\t<\/div>\n\t\n\n\n\t\t<\/div>\n\t\t\t\t\t<\/div>\n\n\t\n\n<\/div>\n<div class=\"row align-center\"  id=\"row-128260684\">\n\n\n\t<div id=\"col-1638312659\" class=\"col medium-10 small-12 large-10\"  >\n\t\t\t\t<div class=\"col-inner text-center\"  >\n\t\t\t\n\t\t\t\n\n<p style=\"text-align: left;\">\u00a0<\/p>\n<h2 class=\"uppercase\" style=\"text-align: left;\">POL\u00cdTICAS de plagio<\/h2>\n<p style=\"text-align: left;\">Con el objetivo de evitar que los trabajadores registrados en los cursos plagien, copien, imiten de internet o de cualquier otro medio o se compartan los archivos de las pr\u00e1cticas, cuestionarios y dem\u00e1s instrumentos de evaluaci\u00f3n que deben entregar durante el desarrollo del curso.<\/p>\n<p style=\"text-align: left;\">La UAM Xochimilco aplicar\u00e1 las siguientes estrategias y\u00a0 pol\u00edticas para prevenir y detectar plagios en las capacitaciones.<\/p>\n<p style=\"text-align: left;\">Se considerar\u00e1 plagio de pr\u00e1cticas, cuestionarios y dem\u00e1s elementos del curso en l\u00ednea:<\/p>\n<p style=\"text-align: left;\">a) Cuando se encuentren dos o m\u00e1s archivos de cuestionarios, pr\u00e1cticas y cualquier otro elemento que se deba evaluar en la plataforma que sea una copia, calca o imitaci\u00f3n del contenido con una similitud de m\u00e1s del 50%.<\/p>\n<p style=\"text-align: left;\">b) Cuando el trabajador se apropie de textos, im\u00e1genes, datos, tablas, dise\u00f1o o gr\u00e1ficos que pertenezcan a otros autores, sin citar o poner referencias bibliogr\u00e1ficas de las fuentes originales.<\/p>\n<p style=\"text-align: left;\">c) Cuando al revisar los atributos y propiedades del archivo de pr\u00e1cticas y cualquier otro elemento que se deba evaluar en la plataforma, se encuentren atributos, caracter\u00edsticas, propiedades y origen iguales que son evidencia de que los archivos son copia o calca entre s\u00ed.<\/p>\n<p style=\"text-align: left;\">d) Para cualquier otro caso en el que se cuente con evidencia contundente, que se pueda comprobar que se dio el plagio, copia, imitaci\u00f3n o calca entre dos o m\u00e1s trabajadores.<\/p>\n<p style=\"text-align: left;\">Las estrategias de prevenci\u00f3n que llevara acabo la UAM Xochimilco son:<\/p>\n<p style=\"text-align: left;\">a) Actualizar constantemente las pr\u00e1cticas, cuestionarios y otros instrumentos de evaluaci\u00f3n que deban presentar los trabajadores inscritos a los cursos en l\u00ednea.<\/p>\n<p style=\"text-align: left;\">b) Elaborar dos o m\u00e1s tipos de pr\u00e1cticas, cuestionarios y otros instrumentos de evaluaci\u00f3n que se aplican simult\u00e1neamente en el mismo curso.<\/p>\n<p style=\"text-align: left;\">c) Avisar a los trabajadores en la bienvenida electr\u00f3nica, sobre la penalizaci\u00f3n por incurrir en el plagio o copia de las pr\u00e1cticas, cuestionarios y otros instrumentos de evaluaci\u00f3n que se aplicar\u00e1n durante el curso.<\/p>\n<p style=\"text-align: left;\">d) Monitorear constantemente al personal de control escolar sobre el avance de los trabajadores y los reportes de los tutores.<\/p>\n<p style=\"text-align: left;\">e) Implementar una plataforma electr\u00f3nica para la descarga y entrega de las pr\u00e1cticas y otros instrumentos de evaluaci\u00f3n que se aplicar\u00e1n durante el curso.<\/p>\n<p style=\"text-align: left;\">f) Construir las pr\u00e1cticas y otros instrumentos de evaluaci\u00f3n que emplean los trabajadores con elementos que se deben desarrollar y analizar, evitando las preguntas de opci\u00f3n m\u00faltiple.<\/p>\n<p style=\"text-align: left;\">g) Conformar grupos homog\u00e9neos, con base en el grupo funci\u00f3n y en el orden de recepci\u00f3n de la solicitud de registro para evitar que se formen grupos de trabajadores de personas que se conocen previamente.<\/p>\n<p style=\"text-align: left;\">Las estrategias de control y detecci\u00f3n que\u00a0 aplicar\u00e1 la UAM Xochimilco son:<\/p>\n<p style=\"text-align: left;\">a) El tutor debe revisar las pr\u00e1cticas y otros instrumentos de evaluaci\u00f3n que entregan los trabajadores, contra una base de datos con las respuestas locales de todos los trabajadores del mismo grupo.<\/p>\n<p style=\"text-align: left;\">b) Revisar las pr\u00e1cticas y otros instrumentos de evaluaci\u00f3n que entregan los trabajadores, por parte de un sistema automatizado que genere una base de datos amplia con las respuestas de todos los trabajadores del mismo tipo de curso.<\/p>\n<p style=\"text-align: left;\">c) Revisar los atributos del archivo a nivel especializado.<\/p>\n<p style=\"text-align: left;\">d) Revisar los mecanismos y estrategias de prevenci\u00f3n insertadas en los cuestionarios, pr\u00e1cticas y otros instrumentos de evaluaci\u00f3n que entregan los alumnos, buscando evidencia de plagio de informaci\u00f3n.<\/p>\n<p style=\"text-align: left;\">e) Aplicar las sanciones a los trabajadores que sean sorprendidos realizando las acciones de plagio.<\/p>\n<p style=\"text-align: left;\">f) Revisar los casos especiales por un grupo de seguimiento acad\u00e9mico de la UAM Xochimilco.<\/p>\n<p style=\"text-align: left;\">Las acciones de penalizaci\u00f3n y notificaci\u00f3n que se aplicar\u00e1n son:<\/p>\n<p style=\"text-align: left;\">a) Se calificar\u00e1 con cero en el cuestionario, pr\u00e1ctica o elemento que sea detectado por el tutor como plagio, copia, imitaci\u00f3n o calca de cualquier tipo. El tutor asignar\u00e1 cero de calificaci\u00f3n en el elemento encontrado y har\u00e1 la anotaci\u00f3n \u201cSe encontr\u00f3 copia de este elemento\u201d en el espacio asignado para dar la retroalimentaci\u00f3n al trabajador, para hacer de su conocimiento que se le encontr\u00f3 plagio en la informaci\u00f3n. La calificaci\u00f3n de cero ser\u00e1 puesta a todos los trabajadores que se les encuentre plagiando sin investigar qui\u00e9n copi\u00f3 a qui\u00e9n, adem\u00e1s de penalizar con 10 puntos en la calificaci\u00f3n final.<\/p>\n<p style=\"text-align: left;\">La UAM dar\u00e1 aviso a la DGRHyO adjuntando la evidencia encontrada sobre el caso de plagio.<\/p>\n<p style=\"text-align: left;\">b) En caso de que un trabajador incurra nuevamente en acciones de plagio, copia, imitaci\u00f3n o calca de cualquier tipo en el desarrollo del mismo curso ser\u00e1 dado de baja, sin excepci\u00f3n. La UAM notificar\u00e1 el caso a la DGRHyO, anexando la evidencia encontrada respecto al caso. La UAM le notificar\u00e1 al trabajador por correo y por mensajes en plataforma que se le dio de baja por encontrarlo copiando por segunda vez.<\/p>\n\n\t\t<\/div>\n\t\t\t\t\t<\/div>\n\n\t\n\n<\/div>\n\n\t\t<\/div>\n\n\t\t\n<style>\n#section_1130977734 {\n  padding-top: 60px;\n  padding-bottom: 60px;\n  min-height: 300px;\n  background-color: rgb(255, 255, 255);\n}\n<\/style>\n\t<\/section>\n\t\n\n","protected":false},"excerpt":{"rendered":"","protected":false},"author":1,"featured_media":0,"parent":0,"menu_order":0,"comment_status":"closed","ping_status":"closed","template":"","meta":{"footnotes":""},"area":[],"class_list":["post-774","page","type-page","status-publish","hentry"],"_links":{"self":[{"href":"https:\/\/cshec.xoc.uam.mx\/sdpc\/wp-json\/wp\/v2\/pages\/774","targetHints":{"allow":["GET"]}}],"collection":[{"href":"https:\/\/cshec.xoc.uam.mx\/sdpc\/wp-json\/wp\/v2\/pages"}],"about":[{"href":"https:\/\/cshec.xoc.uam.mx\/sdpc\/wp-json\/wp\/v2\/types\/page"}],"author":[{"embeddable":true,"href":"https:\/\/cshec.xoc.uam.mx\/sdpc\/wp-json\/wp\/v2\/users\/1"}],"replies":[{"embeddable":true,"href":"https:\/\/cshec.xoc.uam.mx\/sdpc\/wp-json\/wp\/v2\/comments?post=774"}],"version-history":[{"count":8,"href":"https:\/\/cshec.xoc.uam.mx\/sdpc\/wp-json\/wp\/v2\/pages\/774\/revisions"}],"predecessor-version":[{"id":1589,"href":"https:\/\/cshec.xoc.uam.mx\/sdpc\/wp-json\/wp\/v2\/pages\/774\/revisions\/1589"}],"wp:attachment":[{"href":"https:\/\/cshec.xoc.uam.mx\/sdpc\/wp-json\/wp\/v2\/media?parent=774"}],"wp:term":[{"taxonomy":"area","embeddable":true,"href":"https:\/\/cshec.xoc.uam.mx\/sdpc\/wp-json\/wp\/v2\/area?post=774"}],"curies":[{"name":"wp","href":"https:\/\/api.w.org\/{rel}","templated":true}]}}