{"id":377,"date":"2021-04-10T18:39:37","date_gmt":"2021-04-11T00:39:37","guid":{"rendered":"https:\/\/cshec.xoc.uam.mx\/externos\/?page_id=377"},"modified":"2025-05-18T23:07:18","modified_gmt":"2025-05-19T05:07:18","slug":"proceso-de-registro","status":"publish","type":"page","link":"https:\/\/cshec.xoc.uam.mx\/sdpc\/proceso-de-registro\/","title":{"rendered":"Proceso de Asignaci\u00f3n"},"content":{"rendered":"\n<div class=\"message-box relative dark\" style=\"padding-top:15px;padding-bottom:15px;\"><div class=\"message-box-bg-image bg-fill fill\" ><\/div><div class=\"message-box-bg-overlay bg-fill fill\" style=\"background-color:rgb(15, 53, 126);\"><\/div><div class=\"container relative\"><div class=\"inner last-reset\">\n\n<div class=\"row align-middle align-center\"  id=\"row-182820865\">\n\n\n\t<div id=\"col-1563254426\" class=\"col medium-9 small-12 large-9\"  >\n\t\t\t\t<div class=\"col-inner\"  >\n\t\t\t\n\t\t\t\n\n<h2>Inicie su proceso de Asignaci\u00f3n<\/h2>\n<p>Comuniquese con nosotros a nuestro Centro de Atenci\u00f3n Telef\u00f3nica\u00a0 de la UAM Xochimilco\u00a0<\/p>\n\n\t\t<\/div>\n\t\t\t\t\t<\/div>\n\n\t\n\n\t<div id=\"col-1479712469\" class=\"col medium-2 small-12 large-2\"  >\n\t\t\t\t<div class=\"col-inner text-center\"  >\n\t\t\t\n\t\t\t\n\n<a class=\"button white expand\"  >\n\t<i class=\"icon-phone\" aria-hidden=\"true\" ><\/i>\t<span>55548-37187<\/span>\n\t<\/a>\n\n\n\n\t\t<\/div>\n\t\t\t\t\t<\/div>\n\n\t\n\n<\/div>\n\n<\/div><\/div><\/div>\n\n\t<section class=\"section info-cards-chess-box\" id=\"section_180147233\">\n\t\t<div class=\"section-bg fill\" >\n\t\t\t\t\t\t\t\t\t\n\t\t\t\n\n\t\t<\/div>\n\n\t\t\n\n\t\t<div class=\"section-content relative\">\n\t\t\t\n\n<div class=\"row row-collapse align-middle\"  id=\"row-1823407636\">\n\n\n\t<div id=\"col-1184365797\" class=\"col medium-6 small-12 large-6\"  >\n\t\t\t\t<div class=\"col-inner\"  >\n\t\t\t\n\t\t\t\n\n<div class=\"row align-center\"  id=\"row-1906364954\">\n\n\n\t<div id=\"col-889058234\" class=\"col medium-10 small-10 large-8\"  >\n\t\t\t\t<div class=\"col-inner\"  >\n\t\t\t\n\t\t\t\n\n<p>Para iniciar el proceso de registro y capacitaci\u00f3n deber\u00e1 proporcionar y contar con:\u00a0<\/p>\n<ul>\n<li>Identificaci\u00f3n oficial vigente con fotograf\u00eda (INE, credencial SEP, pasaporte).<\/li>\n<li>Foto de su identificacion por ambos lados.<\/li>\n<li>Foto de frente estilo identificacion (con \u00a0rostro<br \/>descubierto, sin lentes oscuros, ni gorras, ni sombreros. Contar con una imagen n\u00edtida, que permita corroborar la identidad. )<\/li>\n<li>Subir las fotos desde la pagina de la UAM de <a href=\"https:\/\/cshec.xoc.uam.mx\/sdpc\/preregistro\/\">Verificacion de Identidad<\/a>\u00a0<\/li>\n<li>Computadora con internet y c\u00e1mara web activa para el proceso.<br \/>Navegador web actualizado.<\/li>\n<\/ul>\n\n\t\t<\/div>\n\t\t\t\t\t<\/div>\n\n\t\n\n<\/div>\n\n\t\t<\/div>\n\t\t\t\t\n<style>\n#col-1184365797 > .col-inner {\n  padding: 10% 0px 0px 0px;\n}\n<\/style>\n\t<\/div>\n\n\t\n\n\t<div id=\"col-2142925710\" class=\"col medium-6 small-12 large-6 small-col-first\"  >\n\t\t\t\t<div class=\"col-inner\"  >\n\t\t\t\n\t\t\t\n\n\t<div class=\"box has-hover   has-hover box-label box-text-bottom\" >\n\n\t\t<div class=\"box-image\" >\n\t\t\t<a href=\"#\" >\t\t\t<div class=\"image-zoom image-cover\" style=\"padding-top:70%;\">\n\t\t\t\t<img loading=\"lazy\" decoding=\"async\" width=\"2000\" height=\"1125\" src=\"https:\/\/cshec.xoc.uam.mx\/sdpc\/wp-content\/uploads\/2021\/04\/GESTIONRECURSOS.jpg\" class=\"attachment- size-\" alt=\"\" srcset=\"https:\/\/cshec.xoc.uam.mx\/sdpc\/wp-content\/uploads\/2021\/04\/GESTIONRECURSOS.jpg 2000w, https:\/\/cshec.xoc.uam.mx\/sdpc\/wp-content\/uploads\/2021\/04\/GESTIONRECURSOS-711x400.jpg 711w, https:\/\/cshec.xoc.uam.mx\/sdpc\/wp-content\/uploads\/2021\/04\/GESTIONRECURSOS-1400x788.jpg 1400w, https:\/\/cshec.xoc.uam.mx\/sdpc\/wp-content\/uploads\/2021\/04\/GESTIONRECURSOS-768x432.jpg 768w, https:\/\/cshec.xoc.uam.mx\/sdpc\/wp-content\/uploads\/2021\/04\/GESTIONRECURSOS-1536x864.jpg 1536w\" sizes=\"auto, (max-width: 2000px) 100vw, 2000px\" \/>\t\t\t\t<div class=\"overlay\" style=\"background-color:rgba(0, 0, 0, 0)\"><\/div>\t\t\t\t\t\t\t<\/div>\n\t\t\t<\/a>\t\t<\/div>\n\n\t\t<div class=\"box-text text-center dark\" style=\"background-color:rgba(0, 67, 152, 0.85);padding:40px 40px 30px 40px;\">\n\t\t\t<div class=\"box-text-inner\">\n\t\t\t\t\n\n<h2>Consulta los requisitos para iniciar tu registro<\/h2>\n<div class=\"is-divider divider clearfix\" style=\"max-width:80%;height:2px;background-color:rgb(255, 255, 255);\"><\/div>\n\n\n\t\t\t<\/div>\n\t\t<\/div>\n\t<\/div>\n\t\n\n\t\t<\/div>\n\t\t\t\t\t<\/div>\n\n\t\n\n<\/div>\n<div class=\"row row-collapse align-middle\"  id=\"row-2025769014\">\n\n\n\t<div id=\"col-1461759512\" class=\"col medium-6 small-12 large-6\"  >\n\t\t\t\t<div class=\"col-inner\"  >\n\t\t\t\n\t\t\t\n\n\t<div class=\"box has-hover info-cards-chess-box  has-hover box-label box-text-bottom\" >\n\n\t\t<div class=\"box-image\" >\n\t\t\t<a href=\"#\" >\t\t\t<div class=\"image-zoom\" >\n\t\t\t\t<img loading=\"lazy\" decoding=\"async\" width=\"2000\" height=\"1333\" src=\"https:\/\/cshec.xoc.uam.mx\/sdpc\/wp-content\/uploads\/2021\/04\/EVALUACION-APRENDIZAJE.jpg\" class=\"attachment- size-\" alt=\"\" srcset=\"https:\/\/cshec.xoc.uam.mx\/sdpc\/wp-content\/uploads\/2021\/04\/EVALUACION-APRENDIZAJE.jpg 2000w, https:\/\/cshec.xoc.uam.mx\/sdpc\/wp-content\/uploads\/2021\/04\/EVALUACION-APRENDIZAJE-600x400.jpg 600w, https:\/\/cshec.xoc.uam.mx\/sdpc\/wp-content\/uploads\/2021\/04\/EVALUACION-APRENDIZAJE-1200x800.jpg 1200w, https:\/\/cshec.xoc.uam.mx\/sdpc\/wp-content\/uploads\/2021\/04\/EVALUACION-APRENDIZAJE-768x512.jpg 768w, https:\/\/cshec.xoc.uam.mx\/sdpc\/wp-content\/uploads\/2021\/04\/EVALUACION-APRENDIZAJE-1536x1024.jpg 1536w\" sizes=\"auto, (max-width: 2000px) 100vw, 2000px\" \/>\t\t\t\t<div class=\"overlay\" style=\"background-color:rgba(0, 0, 0, 0)\"><\/div>\t\t\t\t\t\t\t<\/div>\n\t\t\t<\/a>\t\t<\/div>\n\n\t\t<div class=\"box-text text-center dark\" style=\"background-color:rgba(0, 67, 152, 0.85);padding:40px 40px 30px 40px;\">\n\t\t\t<div class=\"box-text-inner\">\n\t\t\t\t\n\n<h2>Consulta Nuestra Oferta Educativa<\/h2>\n<div class=\"is-divider divider clearfix\" style=\"max-width:80%;height:2px;background-color:rgb(255, 255, 255);\"><\/div>\n\n\n\t\t\t<\/div>\n\t\t<\/div>\n\t<\/div>\n\t\n\n\t\t<\/div>\n\t\t\t\t\t<\/div>\n\n\t\n\n\t<div id=\"col-157090050\" class=\"col medium-6 small-12 large-6\"  >\n\t\t\t\t<div class=\"col-inner\"  >\n\t\t\t\n\t\t\t\n\n<div class=\"row align-center\"  id=\"row-1796081870\">\n\n\n\t<div id=\"col-1095643556\" class=\"col medium-10 small-10 large-8\"  >\n\t\t\t\t<div class=\"col-inner\"  >\n\t\t\t\n\t\t\t\n\n<p>Para iniciarsu proceso de asignaci\u00f3n reg\u00edstrese previamente v\u00eda telefonica en nuestro Centro de Atenci\u00f3n Telef\u00f3nica UAM Xochimilco en un horario de 10:00 &#8211; 18:00 tiempo del centro de M\u00e9xico, donde con gusto daremos seguimiento a tu solicitud.\u00a0<\/p>\n<a href=\"https:\/\/cshec.xoc.uam.mx\/externos\/oferta-educativa\/\" class=\"button primary\"  >\n\t\t<span>Oferta Educativa<\/span>\n\t<i class=\"icon-angle-right\" aria-hidden=\"true\" ><\/i><\/a>\n\n\n\n\t\t<\/div>\n\t\t\t\t\t<\/div>\n\n\t\n\n<\/div>\n\n\t\t<\/div>\n\t\t\t\t\n<style>\n#col-157090050 > .col-inner {\n  padding: 10% 0px 0px 0px;\n}\n<\/style>\n\t<\/div>\n\n\t\n\n<\/div>\n<div class=\"row row-collapse align-middle\"  id=\"row-927239300\">\n\n\n\t<div id=\"col-1344075796\" class=\"col medium-6 small-12 large-6\"  >\n\t\t\t\t<div class=\"col-inner\"  >\n\t\t\t\n\t\t\t\n\n<div class=\"row align-center\"  id=\"row-200672204\">\n\n\n\t<div id=\"col-1582807352\" class=\"col medium-10 small-10 large-8\"  >\n\t\t\t\t<div class=\"col-inner\"  >\n\t\t\t\n\t\t\t\n\n<p>Si es de nuevo ingreso y ya recibi\u00f3 los datos de acceso para su examen diagnostico. Real\u00edcelo ahora mismo.<\/p>\n<a href=\"https:\/\/cshec.xoc.uam.mx\/sistema-registro\/\" class=\"button primary\"  >\n\t\t<span>EXAMEN DIAGN\u00d3STICO<\/span>\n\t<i class=\"icon-angle-right\" aria-hidden=\"true\" ><\/i><\/a>\n\n\n\n\t\t<\/div>\n\t\t\t\t\t<\/div>\n\n\t\n\n<\/div>\n\n\t\t<\/div>\n\t\t\t\t\n<style>\n#col-1344075796 > .col-inner {\n  padding: 10% 0px 0px 0px;\n}\n<\/style>\n\t<\/div>\n\n\t\n\n\t<div id=\"col-903534927\" class=\"col medium-6 small-12 large-6 small-col-first\"  >\n\t\t\t\t<div class=\"col-inner\"  >\n\t\t\t\n\t\t\t\n\n\t<div class=\"box has-hover   has-hover box-label box-text-bottom\" >\n\n\t\t<div class=\"box-image\" >\n\t\t\t<a href=\"#\" >\t\t\t<div class=\"image-zoom image-cover\" style=\"padding-top:70%;\">\n\t\t\t\t<img loading=\"lazy\" decoding=\"async\" width=\"2000\" height=\"1125\" src=\"https:\/\/cshec.xoc.uam.mx\/sdpc\/wp-content\/uploads\/2021\/04\/GESTIONRECURSOS.jpg\" class=\"attachment- size-\" alt=\"\" srcset=\"https:\/\/cshec.xoc.uam.mx\/sdpc\/wp-content\/uploads\/2021\/04\/GESTIONRECURSOS.jpg 2000w, https:\/\/cshec.xoc.uam.mx\/sdpc\/wp-content\/uploads\/2021\/04\/GESTIONRECURSOS-711x400.jpg 711w, https:\/\/cshec.xoc.uam.mx\/sdpc\/wp-content\/uploads\/2021\/04\/GESTIONRECURSOS-1400x788.jpg 1400w, https:\/\/cshec.xoc.uam.mx\/sdpc\/wp-content\/uploads\/2021\/04\/GESTIONRECURSOS-768x432.jpg 768w, https:\/\/cshec.xoc.uam.mx\/sdpc\/wp-content\/uploads\/2021\/04\/GESTIONRECURSOS-1536x864.jpg 1536w\" sizes=\"auto, (max-width: 2000px) 100vw, 2000px\" \/>\t\t\t\t<div class=\"overlay\" style=\"background-color:rgba(0, 0, 0, 0)\"><\/div>\t\t\t\t\t\t\t<\/div>\n\t\t\t<\/a>\t\t<\/div>\n\n\t\t<div class=\"box-text text-center dark\" style=\"background-color:rgba(0, 67, 152, 0.85);padding:40px 40px 30px 40px;\">\n\t\t\t<div class=\"box-text-inner\">\n\t\t\t\t\n\n<h2>Realiza tu Examen Diagn\u00f3stico<\/h2>\n<div class=\"is-divider divider clearfix\" style=\"max-width:80%;height:2px;background-color:rgb(255, 255, 255);\"><\/div>\n\n\n\t\t\t<\/div>\n\t\t<\/div>\n\t<\/div>\n\t\n\n\t\t<\/div>\n\t\t\t\t\t<\/div>\n\n\t\n\n<\/div>\n\n\t\t<\/div>\n\n\t\t\n<style>\n#section_180147233 {\n  padding-top: 60px;\n  padding-bottom: 60px;\n  background-color: rgb(255,255,255);\n}\n<\/style>\n\t<\/section>\n\t\n\n","protected":false},"excerpt":{"rendered":"","protected":false},"author":1,"featured_media":0,"parent":0,"menu_order":0,"comment_status":"closed","ping_status":"closed","template":"page-blank.php","meta":{"footnotes":""},"area":[],"class_list":["post-377","page","type-page","status-publish","hentry"],"_links":{"self":[{"href":"https:\/\/cshec.xoc.uam.mx\/sdpc\/wp-json\/wp\/v2\/pages\/377","targetHints":{"allow":["GET"]}}],"collection":[{"href":"https:\/\/cshec.xoc.uam.mx\/sdpc\/wp-json\/wp\/v2\/pages"}],"about":[{"href":"https:\/\/cshec.xoc.uam.mx\/sdpc\/wp-json\/wp\/v2\/types\/page"}],"author":[{"embeddable":true,"href":"https:\/\/cshec.xoc.uam.mx\/sdpc\/wp-json\/wp\/v2\/users\/1"}],"replies":[{"embeddable":true,"href":"https:\/\/cshec.xoc.uam.mx\/sdpc\/wp-json\/wp\/v2\/comments?post=377"}],"version-history":[{"count":15,"href":"https:\/\/cshec.xoc.uam.mx\/sdpc\/wp-json\/wp\/v2\/pages\/377\/revisions"}],"predecessor-version":[{"id":2068,"href":"https:\/\/cshec.xoc.uam.mx\/sdpc\/wp-json\/wp\/v2\/pages\/377\/revisions\/2068"}],"wp:attachment":[{"href":"https:\/\/cshec.xoc.uam.mx\/sdpc\/wp-json\/wp\/v2\/media?parent=377"}],"wp:term":[{"taxonomy":"area","embeddable":true,"href":"https:\/\/cshec.xoc.uam.mx\/sdpc\/wp-json\/wp\/v2\/area?post=377"}],"curies":[{"name":"wp","href":"https:\/\/api.w.org\/{rel}","templated":true}]}}