{"id":305,"date":"2021-04-08T23:37:56","date_gmt":"2021-04-09T05:37:56","guid":{"rendered":"https:\/\/cshec.xoc.uam.mx\/externos\/?page_id=305"},"modified":"2025-05-18T23:04:26","modified_gmt":"2025-05-19T05:04:26","slug":"oferta-educativa","status":"publish","type":"page","link":"https:\/\/cshec.xoc.uam.mx\/sdpc\/oferta-educativa\/","title":{"rendered":"Oferta Educativa"},"content":{"rendered":"\n\n  <div class=\"banner has-hover has-parallax\" id=\"banner-2110287842\">\n          <div class=\"banner-inner fill\">\n        <div class=\"banner-bg fill\" data-parallax=\"-3\" data-parallax-container=\".banner\" data-parallax-background>\n            <img loading=\"lazy\" decoding=\"async\" width=\"1020\" height=\"680\" src=\"https:\/\/cshec.xoc.uam.mx\/sdpc\/wp-content\/uploads\/2023\/07\/empresario-2-scaled-e1688357923387-1200x800.jpg\" class=\"bg attachment-large size-large\" alt=\"\" \/>                        <div class=\"overlay\"><\/div>            \n                    <\/div>\n\t\t\n        <div class=\"banner-layers container\">\n            <div class=\"fill banner-link\"><\/div>            \n\n   <div id=\"text-box-627240422\" class=\"text-box banner-layer x50 md-x50 lg-x50 y50 md-y50 lg-y50 res-text\">\n                                <div class=\"text-box-content text dark\">\n              \n              <div class=\"text-inner text-center\">\n                  \n\n\t<div id=\"text-3546089941\" class=\"text\">\n\t\t\n\n<h3 class=\"uppercase\">OFErta educativa<\/h3>\n<p class=\"thin-font\">Consulta nuestro portafolio educativo <\/p>\n\t\t\n<style>\n#text-3546089941 {\n  font-size: 1.5rem;\n}\n<\/style>\n\t<\/div>\n\t\n<a href=\"#datos\" class=\"button primary\"  style=\"border-radius:99px;\">\n\t\t<span>Consultar<\/span>\n\t<i class=\"icon-angle-down\" aria-hidden=\"true\" ><\/i><\/a>\n\n\n\n              <\/div>\n           <\/div>\n                            \n<style>\n#text-box-627240422 {\n  width: 60%;\n}\n#text-box-627240422 .text-box-content {\n  font-size: 100%;\n}\n<\/style>\n    <\/div>\n \n\n        <\/div>\n      <\/div>\n\n            \n<style>\n#banner-2110287842 {\n  padding-top: 500px;\n}\n#banner-2110287842 .overlay {\n  background-color: rgba(0, 0, 0, 0.651);\n}\n<\/style>\n  <\/div>\n\n\n\n\t<section class=\"section dark has-mask mask-arrow\" id=\"section_1352991228\">\n\t\t<div class=\"section-bg fill\" >\n\t\t\t\t\t\t\t\t\t<div class=\"section-bg-overlay absolute fill\"><\/div><button class=\"scroll-for-more z-5 icon absolute bottom h-center\" aria-label=\"Scroll for more\"><i class=\"icon-angle-down\" style=\"font-size:42px;\" ><\/i><\/button>\n\t\t\t\n\t<div class=\"is-border\"\n\t\tstyle=\"border-color:rgb(255, 255, 255);border-width:1px 0px 1px 0px;\">\n\t<\/div>\n\n\t\t<\/div>\n\n\t\t\n\n\t\t<div class=\"section-content relative\">\n\t\t\t\n\n<div class=\"row\"  id=\"row-1507851924\">\n\n\n\t<div id=\"col-1834150428\" class=\"col medium-4 small-12 large-4\"  >\n\t\t\t\t<div class=\"col-inner text-shadow-2\"  >\n\t\t\t\n\t\t\t\n\n<p>\u00a0<\/p>\n<h2 class=\"uppercase\">capacitate ahora\u00a0<\/h2>\n<p>Hemos preparado un extenso cat\u00e1logo de cursos en linea<\/p>\n\n\t\t<\/div>\n\t\t\t\t\t<\/div>\n\n\t\n\n\t<div id=\"col-740692032\" class=\"col medium-4 small-12 large-4\"  >\n\t\t\t\t<div class=\"col-inner text-shadow-2\"  >\n\t\t\t\n\t\t\t\n\n<p>Comprometidos en atender de forma oportuna los requerimientos derivados del proceso de educacio\u0301n continua a trave\u0301s de nuestro equipo de profesionales de la Coordinacio\u0301n de Educaci\u00f3n Continua de la UAM Xochimilco.<\/p>\n\n\t\t<\/div>\n\t\t\t\t\t<\/div>\n\n\t\n\n\t<div id=\"col-1862375563\" class=\"col medium-4 small-12 large-4\"  >\n\t\t\t\t<div class=\"col-inner text-shadow-2\"  >\n\t\t\t\n\t\t\t\n\n<p>Revisa nuestro portafolio educativo te aseguramos te ser\u00e1n de inter\u00e9s<\/p>\n\n\t\t<\/div>\n\t\t\t\t\t<\/div>\n\n\t\n\n<\/div>\n\n\t\t<\/div>\n\n\t\t\n<style>\n#section_1352991228 {\n  padding-top: 59px;\n  padding-bottom: 59px;\n  min-height: 300px;\n  background-color: rgb(1, 41, 101);\n}\n#section_1352991228 .section-bg-overlay {\n  background-color: rgba(0, 0, 0, 0.4);\n}\n<\/style>\n\t<\/section>\n\t\n<span class=\"scroll-to\" data-label=\"Scroll to: #datos\" data-bullet=\"false\" data-link=\"#datos\" data-title=\"datos\" ><a name=\"datos\"><\/a><\/span>\n\n\n  \n    <div id=\"pages-1823864483\" class=\"row large-columns-2 medium-columns- small-columns- has-shadow row-box-shadow-1 row-box-shadow-2-hover row-masonry\" data-packery-options='{\"itemSelector\": \".col\", \"gutter\": 0, \"presentageWidth\" : true}'>\n\n  <div class=\"page-col col\" data-animate=\"fadeInLeft\">\n          <div class=\"col-inner\" >\n          <a class=\"block plain\" href=\"https:\/\/cshec.xoc.uam.mx\/sdpc\/oferta-educativa\/desarrollo-de-competencias-profesionales-para-la-asistencia-secretarial\/\" title=\"Desarrollo de Competencias Profesionales para la Asistencia Secretarial\" target=\"\">\n            <div class=\"page-box box has-hover box-label\">\n                  <div class=\"box-image\" >\n                      <div class=\"box-image\" >\n                      <img loading=\"lazy\" decoding=\"async\" width=\"1020\" height=\"776\" src=\"https:\/\/cshec.xoc.uam.mx\/sdpc\/wp-content\/uploads\/2023\/08\/bg-valida-1051x800.jpg\" class=\"attachment-large size-large\" alt=\"\" srcset=\"https:\/\/cshec.xoc.uam.mx\/sdpc\/wp-content\/uploads\/2023\/08\/bg-valida-1051x800.jpg 1051w, https:\/\/cshec.xoc.uam.mx\/sdpc\/wp-content\/uploads\/2023\/08\/bg-valida-526x400.jpg 526w, https:\/\/cshec.xoc.uam.mx\/sdpc\/wp-content\/uploads\/2023\/08\/bg-valida-768x584.jpg 768w, https:\/\/cshec.xoc.uam.mx\/sdpc\/wp-content\/uploads\/2023\/08\/bg-valida-1536x1169.jpg 1536w, https:\/\/cshec.xoc.uam.mx\/sdpc\/wp-content\/uploads\/2023\/08\/bg-valida.jpg 1920w\" sizes=\"auto, (max-width: 1020px) 100vw, 1020px\" \/>                      <\/div>\n                      <div class=\"overlay\" style=\"background-color: rgba(0, 0, 0, 0.291)\"><\/div>                                        <\/div>\n                  <div class=\"box-text show-on-hover hover-bounce text-left is-large dark\" style=\"background-color:rgb(33, 33, 33);\">\n                        <div class=\"box-text-inner\">\n                            <p>Desarrollo de Competencias Profesionales para la Asistencia Secretarial<\/p>\n                        <\/div>\n                  <\/div>\n              <\/div>\n            <\/a>\n            <\/div>\n          <\/div><div class=\"page-col col\" data-animate=\"fadeInLeft\">\n          <div class=\"col-inner\" >\n          <a class=\"block plain\" href=\"https:\/\/cshec.xoc.uam.mx\/sdpc\/oferta-educativa\/fortalecimiento-de-equipos-de-trabajo\/\" title=\"Fortalecimiento de Equipos de Trabajo\" target=\"\">\n            <div class=\"page-box box has-hover box-label\">\n                  <div class=\"box-image\" >\n                      <div class=\"box-image\" >\n                      <img loading=\"lazy\" decoding=\"async\" width=\"1020\" height=\"680\" src=\"https:\/\/cshec.xoc.uam.mx\/sdpc\/wp-content\/uploads\/2021\/04\/GESTIONRH-1200x800.jpg\" class=\"attachment-large size-large\" alt=\"\" srcset=\"https:\/\/cshec.xoc.uam.mx\/sdpc\/wp-content\/uploads\/2021\/04\/GESTIONRH-1200x800.jpg 1200w, https:\/\/cshec.xoc.uam.mx\/sdpc\/wp-content\/uploads\/2021\/04\/GESTIONRH-600x400.jpg 600w, https:\/\/cshec.xoc.uam.mx\/sdpc\/wp-content\/uploads\/2021\/04\/GESTIONRH-768x512.jpg 768w, https:\/\/cshec.xoc.uam.mx\/sdpc\/wp-content\/uploads\/2021\/04\/GESTIONRH-1536x1024.jpg 1536w, https:\/\/cshec.xoc.uam.mx\/sdpc\/wp-content\/uploads\/2021\/04\/GESTIONRH.jpg 2000w\" sizes=\"auto, (max-width: 1020px) 100vw, 1020px\" \/>                      <\/div>\n                      <div class=\"overlay\" style=\"background-color: rgba(0, 0, 0, 0.291)\"><\/div>                                        <\/div>\n                  <div class=\"box-text show-on-hover hover-bounce text-left is-large dark\" style=\"background-color:rgb(33, 33, 33);\">\n                        <div class=\"box-text-inner\">\n                            <p>Fortalecimiento de Equipos de Trabajo<\/p>\n                        <\/div>\n                  <\/div>\n              <\/div>\n            <\/a>\n            <\/div>\n          <\/div><div class=\"page-col col\" data-animate=\"fadeInLeft\">\n          <div class=\"col-inner\" >\n          <a class=\"block plain\" href=\"https:\/\/cshec.xoc.uam.mx\/sdpc\/oferta-educativa\/gestion-estrategica-del-talento-humano\/\" title=\"Gesti\u00f3n Estrat\u00e9gica del Talento Humano\" target=\"\">\n            <div class=\"page-box box has-hover box-label\">\n                  <div class=\"box-image\" >\n                      <div class=\"box-image\" >\n                      <img loading=\"lazy\" decoding=\"async\" width=\"1020\" height=\"681\" src=\"https:\/\/cshec.xoc.uam.mx\/sdpc\/wp-content\/uploads\/2021\/04\/young-business-people-are-discussing-new-creative-ideas-together-during-meeting-in-the-office-1198x800.jpg\" class=\"attachment-large size-large\" alt=\"\" srcset=\"https:\/\/cshec.xoc.uam.mx\/sdpc\/wp-content\/uploads\/2021\/04\/young-business-people-are-discussing-new-creative-ideas-together-during-meeting-in-the-office-1198x800.jpg 1198w, https:\/\/cshec.xoc.uam.mx\/sdpc\/wp-content\/uploads\/2021\/04\/young-business-people-are-discussing-new-creative-ideas-together-during-meeting-in-the-office-599x400.jpg 599w, https:\/\/cshec.xoc.uam.mx\/sdpc\/wp-content\/uploads\/2021\/04\/young-business-people-are-discussing-new-creative-ideas-together-during-meeting-in-the-office-768x513.jpg 768w, https:\/\/cshec.xoc.uam.mx\/sdpc\/wp-content\/uploads\/2021\/04\/young-business-people-are-discussing-new-creative-ideas-together-during-meeting-in-the-office-1536x1025.jpg 1536w, https:\/\/cshec.xoc.uam.mx\/sdpc\/wp-content\/uploads\/2021\/04\/young-business-people-are-discussing-new-creative-ideas-together-during-meeting-in-the-office-2048x1367.jpg 2048w\" sizes=\"auto, (max-width: 1020px) 100vw, 1020px\" \/>                      <\/div>\n                      <div class=\"overlay\" style=\"background-color: rgba(0, 0, 0, 0.291)\"><\/div>                                        <\/div>\n                  <div class=\"box-text show-on-hover hover-bounce text-left is-large dark\" style=\"background-color:rgb(33, 33, 33);\">\n                        <div class=\"box-text-inner\">\n                            <p>Gesti\u00f3n Estrat\u00e9gica del Talento Humano<\/p>\n                        <\/div>\n                  <\/div>\n              <\/div>\n            <\/a>\n            <\/div>\n          <\/div><div class=\"page-col col\" data-animate=\"fadeInLeft\">\n          <div class=\"col-inner\" >\n          <a class=\"block plain\" href=\"https:\/\/cshec.xoc.uam.mx\/sdpc\/oferta-educativa\/habilidades-secretariales-para-el-exito-profesional\/\" title=\"Habilidades Secretariales para el \u00c9xito Profesional\" target=\"\">\n            <div class=\"page-box box has-hover box-label\">\n                  <div class=\"box-image\" >\n                      <div class=\"box-image\" >\n                      <img loading=\"lazy\" decoding=\"async\" width=\"1020\" height=\"681\" src=\"https:\/\/cshec.xoc.uam.mx\/sdpc\/wp-content\/uploads\/2023\/07\/atractiva-mujer-joven-que-trabaja-como-representante-ventas-independiente-sentada-escritorio-su-casa-sonriendo-mientras-mira-camara-scaled-e1688357316446-1199x800.jpg\" class=\"attachment-large size-large\" alt=\"\" srcset=\"https:\/\/cshec.xoc.uam.mx\/sdpc\/wp-content\/uploads\/2023\/07\/atractiva-mujer-joven-que-trabaja-como-representante-ventas-independiente-sentada-escritorio-su-casa-sonriendo-mientras-mira-camara-scaled-e1688357316446-1199x800.jpg 1199w, https:\/\/cshec.xoc.uam.mx\/sdpc\/wp-content\/uploads\/2023\/07\/atractiva-mujer-joven-que-trabaja-como-representante-ventas-independiente-sentada-escritorio-su-casa-sonriendo-mientras-mira-camara-scaled-e1688357316446-600x400.jpg 600w, https:\/\/cshec.xoc.uam.mx\/sdpc\/wp-content\/uploads\/2023\/07\/atractiva-mujer-joven-que-trabaja-como-representante-ventas-independiente-sentada-escritorio-su-casa-sonriendo-mientras-mira-camara-scaled-e1688357316446-768x512.jpg 768w, https:\/\/cshec.xoc.uam.mx\/sdpc\/wp-content\/uploads\/2023\/07\/atractiva-mujer-joven-que-trabaja-como-representante-ventas-independiente-sentada-escritorio-su-casa-sonriendo-mientras-mira-camara-scaled-e1688357316446-1536x1025.jpg 1536w, https:\/\/cshec.xoc.uam.mx\/sdpc\/wp-content\/uploads\/2023\/07\/atractiva-mujer-joven-que-trabaja-como-representante-ventas-independiente-sentada-escritorio-su-casa-sonriendo-mientras-mira-camara-scaled-e1688357316446.jpg 1920w\" sizes=\"auto, (max-width: 1020px) 100vw, 1020px\" \/>                      <\/div>\n                      <div class=\"overlay\" style=\"background-color: rgba(0, 0, 0, 0.291)\"><\/div>                                        <\/div>\n                  <div class=\"box-text show-on-hover hover-bounce text-left is-large dark\" style=\"background-color:rgb(33, 33, 33);\">\n                        <div class=\"box-text-inner\">\n                            <p>Habilidades Secretariales para el \u00c9xito Profesional<\/p>\n                        <\/div>\n                  <\/div>\n              <\/div>\n            <\/a>\n            <\/div>\n          <\/div><div class=\"page-col col\" data-animate=\"fadeInLeft\">\n          <div class=\"col-inner\" >\n          <a class=\"block plain\" href=\"https:\/\/cshec.xoc.uam.mx\/sdpc\/oferta-educativa\/integracion-de-equipos-eficientes\/\" title=\"Integraci\u00f3n de Equipos Eficientes\" target=\"\">\n            <div class=\"page-box box has-hover box-label\">\n                  <div class=\"box-image\" >\n                      <div class=\"box-image\" >\n                      <img loading=\"lazy\" decoding=\"async\" width=\"1020\" height=\"488\" src=\"https:\/\/cshec.xoc.uam.mx\/sdpc\/wp-content\/uploads\/2021\/04\/MANEJODECONFLICTOS-1400x670.jpg\" class=\"attachment-large size-large\" alt=\"\" srcset=\"https:\/\/cshec.xoc.uam.mx\/sdpc\/wp-content\/uploads\/2021\/04\/MANEJODECONFLICTOS-1400x670.jpg 1400w, https:\/\/cshec.xoc.uam.mx\/sdpc\/wp-content\/uploads\/2021\/04\/MANEJODECONFLICTOS-800x383.jpg 800w, https:\/\/cshec.xoc.uam.mx\/sdpc\/wp-content\/uploads\/2021\/04\/MANEJODECONFLICTOS-768x368.jpg 768w, https:\/\/cshec.xoc.uam.mx\/sdpc\/wp-content\/uploads\/2021\/04\/MANEJODECONFLICTOS.jpg 1500w\" sizes=\"auto, (max-width: 1020px) 100vw, 1020px\" \/>                      <\/div>\n                      <div class=\"overlay\" style=\"background-color: rgba(0, 0, 0, 0.291)\"><\/div>                                        <\/div>\n                  <div class=\"box-text show-on-hover hover-bounce text-left is-large dark\" style=\"background-color:rgb(33, 33, 33);\">\n                        <div class=\"box-text-inner\">\n                            <p>Integraci\u00f3n de Equipos Eficientes<\/p>\n                        <\/div>\n                  <\/div>\n              <\/div>\n            <\/a>\n            <\/div>\n          <\/div><div class=\"page-col col\" data-animate=\"fadeInLeft\">\n          <div class=\"col-inner\" >\n          <a class=\"block plain\" href=\"https:\/\/cshec.xoc.uam.mx\/sdpc\/oferta-educativa\/optimizacion-de-archivos-y-documentos-institucionales\/\" title=\"Optimizaci\u00f3n de Archivos y Documentos Institucionales\" target=\"\">\n            <div class=\"page-box box has-hover box-label\">\n                  <div class=\"box-image\" >\n                      <div class=\"box-image\" >\n                      <img loading=\"lazy\" decoding=\"async\" width=\"1020\" height=\"681\" src=\"https:\/\/cshec.xoc.uam.mx\/sdpc\/wp-content\/uploads\/2021\/04\/asian-woman-working-through-paperwork-1199x800.jpg\" class=\"attachment-large size-large\" alt=\"\" srcset=\"https:\/\/cshec.xoc.uam.mx\/sdpc\/wp-content\/uploads\/2021\/04\/asian-woman-working-through-paperwork-1199x800.jpg 1199w, https:\/\/cshec.xoc.uam.mx\/sdpc\/wp-content\/uploads\/2021\/04\/asian-woman-working-through-paperwork-599x400.jpg 599w, https:\/\/cshec.xoc.uam.mx\/sdpc\/wp-content\/uploads\/2021\/04\/asian-woman-working-through-paperwork-768x513.jpg 768w, https:\/\/cshec.xoc.uam.mx\/sdpc\/wp-content\/uploads\/2021\/04\/asian-woman-working-through-paperwork-1536x1025.jpg 1536w, https:\/\/cshec.xoc.uam.mx\/sdpc\/wp-content\/uploads\/2021\/04\/asian-woman-working-through-paperwork-2048x1367.jpg 2048w\" sizes=\"auto, (max-width: 1020px) 100vw, 1020px\" \/>                      <\/div>\n                      <div class=\"overlay\" style=\"background-color: rgba(0, 0, 0, 0.291)\"><\/div>                                        <\/div>\n                  <div class=\"box-text show-on-hover hover-bounce text-left is-large dark\" style=\"background-color:rgb(33, 33, 33);\">\n                        <div class=\"box-text-inner\">\n                            <p>Optimizaci\u00f3n de Archivos y Documentos Institucionales<\/p>\n                        <\/div>\n                  <\/div>\n              <\/div>\n            <\/a>\n            <\/div>\n          <\/div><div class=\"page-col col\" data-animate=\"fadeInLeft\">\n          <div class=\"col-inner\" >\n          <a class=\"block plain\" href=\"https:\/\/cshec.xoc.uam.mx\/sdpc\/oferta-educativa\/optimizacion-de-procesos-administrativos\/\" title=\"Optimizaci\u00f3n de Procesos Administrativos\" target=\"\">\n            <div class=\"page-box box has-hover box-label\">\n                  <div class=\"box-image\" >\n                      <div class=\"box-image\" >\n                      <img loading=\"lazy\" decoding=\"async\" width=\"1020\" height=\"680\" src=\"https:\/\/cshec.xoc.uam.mx\/sdpc\/wp-content\/uploads\/2023\/07\/mujer-negocios-analizando-datos-usando-computadora-mientras-pasa-tiempo-oficina-hermosa-joven-mujer-profesional-sonriente-oficina-graficos-tablas-scaled-e1688355575276-1200x800.jpg\" class=\"attachment-large size-large\" alt=\"\" srcset=\"https:\/\/cshec.xoc.uam.mx\/sdpc\/wp-content\/uploads\/2023\/07\/mujer-negocios-analizando-datos-usando-computadora-mientras-pasa-tiempo-oficina-hermosa-joven-mujer-profesional-sonriente-oficina-graficos-tablas-scaled-e1688355575276-1200x800.jpg 1200w, https:\/\/cshec.xoc.uam.mx\/sdpc\/wp-content\/uploads\/2023\/07\/mujer-negocios-analizando-datos-usando-computadora-mientras-pasa-tiempo-oficina-hermosa-joven-mujer-profesional-sonriente-oficina-graficos-tablas-scaled-e1688355575276-600x400.jpg 600w, https:\/\/cshec.xoc.uam.mx\/sdpc\/wp-content\/uploads\/2023\/07\/mujer-negocios-analizando-datos-usando-computadora-mientras-pasa-tiempo-oficina-hermosa-joven-mujer-profesional-sonriente-oficina-graficos-tablas-scaled-e1688355575276-768x512.jpg 768w, https:\/\/cshec.xoc.uam.mx\/sdpc\/wp-content\/uploads\/2023\/07\/mujer-negocios-analizando-datos-usando-computadora-mientras-pasa-tiempo-oficina-hermosa-joven-mujer-profesional-sonriente-oficina-graficos-tablas-scaled-e1688355575276-1536x1024.jpg 1536w, https:\/\/cshec.xoc.uam.mx\/sdpc\/wp-content\/uploads\/2023\/07\/mujer-negocios-analizando-datos-usando-computadora-mientras-pasa-tiempo-oficina-hermosa-joven-mujer-profesional-sonriente-oficina-graficos-tablas-scaled-e1688355575276.jpg 1920w\" sizes=\"auto, (max-width: 1020px) 100vw, 1020px\" \/>                      <\/div>\n                      <div class=\"overlay\" style=\"background-color: rgba(0, 0, 0, 0.291)\"><\/div>                                        <\/div>\n                  <div class=\"box-text show-on-hover hover-bounce text-left is-large dark\" style=\"background-color:rgb(33, 33, 33);\">\n                        <div class=\"box-text-inner\">\n                            <p>Optimizaci\u00f3n de Procesos Administrativos<\/p>\n                        <\/div>\n                  <\/div>\n              <\/div>\n            <\/a>\n            <\/div>\n          <\/div><div class=\"page-col col\" data-animate=\"fadeInLeft\">\n          <div class=\"col-inner\" >\n          <a class=\"block plain\" href=\"https:\/\/cshec.xoc.uam.mx\/sdpc\/oferta-educativa\/tecnicas-y-herramientas-de-archivonomia-para-la-gestion-documental\/\" title=\"T\u00e9cnicas y Herramientas de Archivonom\u00eda para la Gesti\u00f3n Documental\" target=\"\">\n            <div class=\"page-box box has-hover box-label\">\n                  <div class=\"box-image\" >\n                      <div class=\"box-image\" >\n                      <img loading=\"lazy\" decoding=\"async\" width=\"1020\" height=\"708\" src=\"https:\/\/cshec.xoc.uam.mx\/sdpc\/wp-content\/uploads\/2021\/04\/business-people-analyzing-statistics-financial-concept-1153x800.jpg\" class=\"attachment-large size-large\" alt=\"\" srcset=\"https:\/\/cshec.xoc.uam.mx\/sdpc\/wp-content\/uploads\/2021\/04\/business-people-analyzing-statistics-financial-concept-1153x800.jpg 1153w, https:\/\/cshec.xoc.uam.mx\/sdpc\/wp-content\/uploads\/2021\/04\/business-people-analyzing-statistics-financial-concept-577x400.jpg 577w, https:\/\/cshec.xoc.uam.mx\/sdpc\/wp-content\/uploads\/2021\/04\/business-people-analyzing-statistics-financial-concept-768x533.jpg 768w, https:\/\/cshec.xoc.uam.mx\/sdpc\/wp-content\/uploads\/2021\/04\/business-people-analyzing-statistics-financial-concept-1536x1066.jpg 1536w, https:\/\/cshec.xoc.uam.mx\/sdpc\/wp-content\/uploads\/2021\/04\/business-people-analyzing-statistics-financial-concept-2048x1421.jpg 2048w\" sizes=\"auto, (max-width: 1020px) 100vw, 1020px\" \/>                      <\/div>\n                      <div class=\"overlay\" style=\"background-color: rgba(0, 0, 0, 0.291)\"><\/div>                                        <\/div>\n                  <div class=\"box-text show-on-hover hover-bounce text-left is-large dark\" style=\"background-color:rgb(33, 33, 33);\">\n                        <div class=\"box-text-inner\">\n                            <p>T\u00e9cnicas y Herramientas de Archivonom\u00eda para la Gesti\u00f3n Documental<\/p>\n                        <\/div>\n                  <\/div>\n              <\/div>\n            <\/a>\n            <\/div>\n          <\/div><div class=\"page-col col\" data-animate=\"fadeInLeft\">\n          <div class=\"col-inner\" >\n          <a class=\"block plain\" href=\"https:\/\/cshec.xoc.uam.mx\/sdpc\/oferta-educativa\/transformacion-estrategica-de-procesos-administrativos-guia-practica\/\" title=\"Transformaci\u00f3n Estrat\u00e9gica de Procesos Administrativos: Gu\u00eda Pr\u00e1ctica\" target=\"\">\n            <div class=\"page-box box has-hover box-label\">\n                  <div class=\"box-image\" >\n                      <div class=\"box-image\" >\n                      <img loading=\"lazy\" decoding=\"async\" width=\"1020\" height=\"680\" src=\"https:\/\/cshec.xoc.uam.mx\/sdpc\/wp-content\/uploads\/2023\/07\/empresario-2-scaled-e1688357923387-1200x800.jpg\" class=\"attachment-large size-large\" alt=\"\" srcset=\"https:\/\/cshec.xoc.uam.mx\/sdpc\/wp-content\/uploads\/2023\/07\/empresario-2-scaled-e1688357923387-1200x800.jpg 1200w, https:\/\/cshec.xoc.uam.mx\/sdpc\/wp-content\/uploads\/2023\/07\/empresario-2-scaled-e1688357923387-600x400.jpg 600w, https:\/\/cshec.xoc.uam.mx\/sdpc\/wp-content\/uploads\/2023\/07\/empresario-2-scaled-e1688357923387-768x512.jpg 768w, https:\/\/cshec.xoc.uam.mx\/sdpc\/wp-content\/uploads\/2023\/07\/empresario-2-scaled-e1688357923387-1536x1024.jpg 1536w, https:\/\/cshec.xoc.uam.mx\/sdpc\/wp-content\/uploads\/2023\/07\/empresario-2-scaled-e1688357923387.jpg 1920w\" sizes=\"auto, (max-width: 1020px) 100vw, 1020px\" \/>                      <\/div>\n                      <div class=\"overlay\" style=\"background-color: rgba(0, 0, 0, 0.291)\"><\/div>                                        <\/div>\n                  <div class=\"box-text show-on-hover hover-bounce text-left is-large dark\" style=\"background-color:rgb(33, 33, 33);\">\n                        <div class=\"box-text-inner\">\n                            <p>Transformaci\u00f3n Estrat\u00e9gica de Procesos Administrativos: Gu\u00eda Pr\u00e1ctica<\/p>\n                        <\/div>\n                  <\/div>\n              <\/div>\n            <\/a>\n            <\/div>\n          <\/div><div class=\"page-col col\" data-animate=\"fadeInLeft\">\n          <div class=\"col-inner\" >\n          <a class=\"block plain\" href=\"https:\/\/cshec.xoc.uam.mx\/sdpc\/oferta-educativa\/transformacion-organizacional-en-el-sector-publico\/\" title=\"Transformaci\u00f3n Organizacional en el Sector P\u00fablico\" target=\"\">\n            <div class=\"page-box box has-hover box-label\">\n                  <div class=\"box-image\" >\n                      <div class=\"box-image\" >\n                      <img loading=\"lazy\" decoding=\"async\" width=\"1020\" height=\"680\" src=\"https:\/\/cshec.xoc.uam.mx\/sdpc\/wp-content\/uploads\/2022\/04\/business-woman-working-at-the-office-1200x800.jpg\" class=\"attachment-large size-large\" alt=\"\" srcset=\"https:\/\/cshec.xoc.uam.mx\/sdpc\/wp-content\/uploads\/2022\/04\/business-woman-working-at-the-office-1200x800.jpg 1200w, https:\/\/cshec.xoc.uam.mx\/sdpc\/wp-content\/uploads\/2022\/04\/business-woman-working-at-the-office-600x400.jpg 600w, https:\/\/cshec.xoc.uam.mx\/sdpc\/wp-content\/uploads\/2022\/04\/business-woman-working-at-the-office-768x512.jpg 768w, https:\/\/cshec.xoc.uam.mx\/sdpc\/wp-content\/uploads\/2022\/04\/business-woman-working-at-the-office-1536x1024.jpg 1536w, https:\/\/cshec.xoc.uam.mx\/sdpc\/wp-content\/uploads\/2022\/04\/business-woman-working-at-the-office-2048x1365.jpg 2048w\" sizes=\"auto, (max-width: 1020px) 100vw, 1020px\" \/>                      <\/div>\n                      <div class=\"overlay\" style=\"background-color: rgba(0, 0, 0, 0.291)\"><\/div>                                        <\/div>\n                  <div class=\"box-text show-on-hover hover-bounce text-left is-large dark\" style=\"background-color:rgb(33, 33, 33);\">\n                        <div class=\"box-text-inner\">\n                            <p>Transformaci\u00f3n Organizacional en el Sector P\u00fablico<\/p>\n                        <\/div>\n                  <\/div>\n              <\/div>\n            <\/a>\n            <\/div>\n          <\/div><\/div>\n\n\n","protected":false},"excerpt":{"rendered":"","protected":false},"author":1,"featured_media":0,"parent":0,"menu_order":0,"comment_status":"closed","ping_status":"closed","template":"page-blank.php","meta":{"footnotes":""},"area":[],"class_list":["post-305","page","type-page","status-publish","hentry"],"_links":{"self":[{"href":"https:\/\/cshec.xoc.uam.mx\/sdpc\/wp-json\/wp\/v2\/pages\/305","targetHints":{"allow":["GET"]}}],"collection":[{"href":"https:\/\/cshec.xoc.uam.mx\/sdpc\/wp-json\/wp\/v2\/pages"}],"about":[{"href":"https:\/\/cshec.xoc.uam.mx\/sdpc\/wp-json\/wp\/v2\/types\/page"}],"author":[{"embeddable":true,"href":"https:\/\/cshec.xoc.uam.mx\/sdpc\/wp-json\/wp\/v2\/users\/1"}],"replies":[{"embeddable":true,"href":"https:\/\/cshec.xoc.uam.mx\/sdpc\/wp-json\/wp\/v2\/comments?post=305"}],"version-history":[{"count":46,"href":"https:\/\/cshec.xoc.uam.mx\/sdpc\/wp-json\/wp\/v2\/pages\/305\/revisions"}],"predecessor-version":[{"id":2067,"href":"https:\/\/cshec.xoc.uam.mx\/sdpc\/wp-json\/wp\/v2\/pages\/305\/revisions\/2067"}],"wp:attachment":[{"href":"https:\/\/cshec.xoc.uam.mx\/sdpc\/wp-json\/wp\/v2\/media?parent=305"}],"wp:term":[{"taxonomy":"area","embeddable":true,"href":"https:\/\/cshec.xoc.uam.mx\/sdpc\/wp-json\/wp\/v2\/area?post=305"}],"curies":[{"name":"wp","href":"https:\/\/api.w.org\/{rel}","templated":true}]}}